{"id":59004,"date":"2026-03-17T13:59:53","date_gmt":"2026-03-17T12:59:53","guid":{"rendered":"https:\/\/euroteam-bauchemie.de\/downloads\/muszaki-adatlapok-magyarul\/"},"modified":"2026-03-17T13:59:53","modified_gmt":"2026-03-17T12:59:53","slug":"muszaki-adatlapok-magyarul","status":"publish","type":"page","link":"https:\/\/euroteam-bauchemie.de\/en\/downloads\/muszaki-adatlapok-magyarul\/","title":{"rendered":"M\u0171szaki adatlapok magyarul"},"content":{"rendered":"<p>[et_pb_section fb_built=&#8221;1&#8243; module_class=&#8221;secondary_header&#8221; _builder_version=&#8221;4.27.4&#8243; _module_preset=&#8221;default&#8221; use_background_color_gradient=&#8221;on&#8221; background_color_gradient_stops=&#8221;rgba(0,0,0,0.5) 0%|rgba(0,0,0,0.5) 100%&#8221; background_color_gradient_overlays_image=&#8221;on&#8221; background_image=&#8221;https:\/\/euroteam-bauchemie.de\/wp-content\/uploads\/2025\/03\/Fugendichtstoffe-img.jpg&#8221; locked=&#8221;off&#8221; global_colors_info=&#8221;{}&#8221;][et_pb_row _builder_version=&#8221;4.27.4&#8243; _module_preset=&#8221;default&#8221; global_colors_info=&#8221;{}&#8221;][et_pb_column type=&#8221;4_4&#8243; _builder_version=&#8221;4.27.4&#8243; _module_preset=&#8221;default&#8221; global_colors_info=&#8221;{}&#8221;][et_pb_text module_class=&#8221;white_text text_center h1_class&#8221; _builder_version=&#8221;4.27.4&#8243; _module_preset=&#8221;default&#8221; global_colors_info=&#8221;{}&#8221;]<\/p>\n<h1>M\u0171szaki adatlapok magyarul<\/h1>\n<p>[\/et_pb_text][\/et_pb_column][\/et_pb_row][\/et_pb_section][et_pb_section fb_built=&#8221;1&#8243; _builder_version=&#8221;4.27.4&#8243; _module_preset=&#8221;default&#8221; global_colors_info=&#8221;{}&#8221;][et_pb_row module_class=&#8221;pb0&#8243; _builder_version=&#8221;4.27.4&#8243; _module_preset=&#8221;default&#8221; global_colors_info=&#8221;{}&#8221;][et_pb_column type=&#8221;4_4&#8243; _builder_version=&#8221;4.27.4&#8243; _module_preset=&#8221;default&#8221; global_colors_info=&#8221;{}&#8221;][et_pb_text module_class=&#8221;h2_class  text_center  h4_class &#8221; _builder_version=&#8221;4.27.4&#8243; _module_preset=&#8221;default&#8221; global_colors_info=&#8221;{}&#8221;]<\/p>\n<h4>M\u0171szaki adatlapok magyaru<\/h4>\n<p>[\/et_pb_text][\/et_pb_column][\/et_pb_row][et_pb_row column_structure=&#8221;1_2,1_2&#8243; use_custom_gutter=&#8221;on&#8221; gutter_width=&#8221;2&#8243; module_class=&#8221;download_class_toggle_rows download_list_class&#8221; _builder_version=&#8221;4.27.4&#8243; _module_preset=&#8221;default&#8221; collapsed=&#8221;off&#8221; global_colors_info=&#8221;{}&#8221;][et_pb_column type=&#8221;1_2&#8243; _builder_version=&#8221;4.27.4&#8243; _module_preset=&#8221;default&#8221; global_colors_info=&#8221;{}&#8221;][et_pb_toggle title=&#8221;Fugkit\u00f6lt\u0151 anyagok&#8221; admin_label=&#8221;Fugkit\u00f6lt\u0151 anyagok&#8221; _builder_version=&#8221;4.27.4&#8243; _module_preset=&#8221;default&#8221; global_colors_info=&#8221;{}&#8221;]<\/p>\n<ul>\n<li><a href=\"\/wp-content\/uploads\/2025\/04\/EUROLASTIC_TC_30_S_magyar.pdf\" target=\"_blank\">  EUROLASTIC TC 30 S magyar<\/a><\/li>\n<li><a href=\"\/wp-content\/uploads\/2025\/04\/EUROLASTIC_TC_30_G_traffic_fekete_magyar.pdf\" target=\"_blank\">  EUROLASTIC TC 30 G traffic fekete magyar<\/a><\/li>\n<li><a href=\"\/wp-content\/uploads\/2025\/04\/EUROLASTIC_TC_30_G_szUerke_magyar.pdf\" target=\"_blank\">  EUROLASTIC TC 30 G sz\u00fcrke magyar<\/a><\/li>\n<li><a href=\"\/wp-content\/uploads\/2025\/04\/EUROLASTIC_TC_20_G_fekete_magyar.pdf\" target=\"_blank\">  EUROLASTIC TC 20 G fekete magyar<\/a><\/li>\n<li><a href=\"\/wp-content\/uploads\/2025\/04\/EUROLASTIC_Pro_M_40_magyar.pdf\" target=\"_blank\">  EUROLASTIC Pro M 40 magyar<\/a><\/li>\n<\/ul>\n<p>[\/et_pb_toggle][et_pb_toggle title=&#8221;Kell\u0151s\u00edt\u0151k&#8221; admin_label=&#8221;Kell\u0151s\u00edt\u0151k&#8221; _builder_version=&#8221;4.27.4&#8243; _module_preset=&#8221;default&#8221; global_colors_info=&#8221;{}&#8221;]<\/p>\n<ul>\n<li><a href=\"\/wp-content\/uploads\/2025\/04\/EUROLASTIC_Primer_ZM_magyar.pdf\" target=\"_blank\">  EUROLASTIC Primer ZM magyar<\/a><\/li>\n<\/li>\n<li><a href=\"\/wp-content\/uploads\/2025\/04\/EUROLASTIC_Primer_U12_G_traffic_magyar.pdf\" target=\"_blank\">  EUROLASTIC Primer U12 G traffic magyar<\/a><\/li>\n<\/li>\n<li><a href=\"\/wp-content\/uploads\/2025\/04\/EUROLASTIC_Primer_U12_G_magyar.pdf\" target=\"_blank\">  EUROLASTIC Primer U12 G magyar<\/a><\/li>\n<\/li>\n<li><a href=\"\/wp-content\/uploads\/2025\/04\/EUROLASTIC_Primer_S2_magyar.pdf\" target=\"_blank\">  EUROLASTIC Primer S2 magyar<\/a><\/li>\n<\/li>\n<\/ul>\n<p>[\/et_pb_toggle][\/et_pb_column][et_pb_column type=&#8221;1_2&#8243; _builder_version=&#8221;4.27.4&#8243; _module_preset=&#8221;default&#8221; global_colors_info=&#8221;{}&#8221;][et_pb_toggle title=&#8221;Betonjav\u00edt\u00f3 anyagok&#8221; admin_label=&#8221;Betonjav\u00edt\u00f3 anyagok&#8221; _builder_version=&#8221;4.27.4&#8243; _module_preset=&#8221;default&#8221; global_colors_info=&#8221;{}&#8221;]<\/p>\n<ul>\n<li><a href=\"\/wp-content\/uploads\/2025\/04\/EUROREPAIR_PC_96_magyar.pdf\" target=\"_blank\">  EUROREPAIR PC 96 magyar<\/a><\/li>\n<li><a href=\"\/wp-content\/uploads\/2025\/04\/EUROREPAIR_PC_96_AS_magyar.pdf\" target=\"_blank\">  EUROREPAIR PC 96 AS magyar<\/a><\/li>\n<li><a href=\"\/wp-content\/uploads\/2025\/04\/EUROREPAIR_HG_96_magyar.pdf\" target=\"_blank\">  EUROREPAIR HG 96 magyar<\/a><\/li>\n<li><a href=\"\/wp-content\/uploads\/2025\/04\/EUROREPAIR_HG_96_AS_magyar.pdf\" target=\"_blank\">  EUROREPAIR HG 96 AS magyar<\/a><\/li>\n<\/ul>\n<p>[\/et_pb_toggle][et_pb_toggle title=&#8221;Seg\u00e9danyagok&#8221; admin_label=&#8221;Seg\u00e9danyagok&#8221; _builder_version=&#8221;4.27.4&#8243; _module_preset=&#8221;default&#8221; global_colors_info=&#8221;{}&#8221;]<\/p>\n<ul>\n<li><a href=\"\/wp-content\/uploads\/2025\/04\/Eurofill_SBR_magyar.pdf\" target=\"_blank\">  EUROREPAIR PC 96 magyar<\/a><\/li>\n<\/ul>\n<p>[\/et_pb_toggle][\/et_pb_column][\/et_pb_row][\/et_pb_section]<\/p>\n","protected":false},"excerpt":{"rendered":"<p>M\u0171szaki adatlapok magyarulM\u0171szaki adatlapok magyaru EUROLASTIC TC 30 S magyar EUROLASTIC TC 30 G traffic fekete magyar EUROLASTIC TC 30 G sz\u00fcrke magyar EUROLASTIC TC 20 G fekete magyar EUROLASTIC Pro M 40 magyar EUROLASTIC Primer ZM magyar EUROLASTIC Primer U12 G traffic magyar EUROLASTIC Primer U12 G magyar EUROLASTIC Primer S2 magyar EUROREPAIR PC [&hellip;]<\/p>\n","protected":false},"author":3,"featured_media":0,"parent":58904,"menu_order":0,"comment_status":"closed","ping_status":"closed","template":"","meta":{"_et_pb_use_builder":"on","_et_pb_old_content":"","_et_gb_content_width":"","footnotes":""},"class_list":["post-59004","page","type-page","status-publish","hentry"],"yoast_head":"<!-- This site is optimized with the Yoast SEO plugin v27.4 - https:\/\/yoast.com\/product\/yoast-seo-wordpress\/ -->\n<title>M\u0171szaki adatlapok magyarul - EURO TEAM<\/title>\n<meta name=\"description\" content=\"Request the general building authority approvals from the DIBt that are of interest to you now free of charge. - EURO TEAM\" \/>\n<meta name=\"robots\" content=\"index, follow, max-snippet:-1, max-image-preview:large, max-video-preview:-1\" \/>\n<link rel=\"canonical\" href=\"https:\/\/euroteam-bauchemie.de\/en\/downloads\/muszaki-adatlapok-magyarul\/\" \/>\n<meta property=\"og:locale\" content=\"en_US\" \/>\n<meta property=\"og:type\" content=\"article\" \/>\n<meta property=\"og:title\" content=\"M\u0171szaki adatlapok magyarul - EURO TEAM\" \/>\n<meta property=\"og:description\" content=\"Request the general building authority approvals from the DIBt that are of interest to you now free of charge. - EURO TEAM\" \/>\n<meta property=\"og:url\" content=\"https:\/\/euroteam-bauchemie.de\/en\/downloads\/muszaki-adatlapok-magyarul\/\" \/>\n<meta property=\"og:site_name\" content=\"EURO TEAM\" \/>\n<meta name=\"twitter:card\" content=\"summary_large_image\" \/>\n<meta name=\"twitter:label1\" content=\"Est. reading time\" \/>\n\t<meta name=\"twitter:data1\" content=\"2 minutes\" \/>\n<script type=\"application\/ld+json\" class=\"yoast-schema-graph\">{\"@context\":\"https:\\\/\\\/schema.org\",\"@graph\":[{\"@type\":\"WebPage\",\"@id\":\"https:\\\/\\\/euroteam-bauchemie.de\\\/en\\\/downloads\\\/muszaki-adatlapok-magyarul\\\/\",\"url\":\"https:\\\/\\\/euroteam-bauchemie.de\\\/en\\\/downloads\\\/muszaki-adatlapok-magyarul\\\/\",\"name\":\"M\u0171szaki adatlapok magyarul - EURO TEAM\",\"isPartOf\":{\"@id\":\"https:\\\/\\\/euroteam-bauchemie.de\\\/en\\\/#website\"},\"datePublished\":\"2026-03-17T12:59:53+00:00\",\"description\":\"Request the general building authority approvals from the DIBt that are of interest to you now free of charge. - EURO TEAM\",\"breadcrumb\":{\"@id\":\"https:\\\/\\\/euroteam-bauchemie.de\\\/en\\\/downloads\\\/muszaki-adatlapok-magyarul\\\/#breadcrumb\"},\"inLanguage\":\"en-US\",\"potentialAction\":[{\"@type\":\"ReadAction\",\"target\":[\"https:\\\/\\\/euroteam-bauchemie.de\\\/en\\\/downloads\\\/muszaki-adatlapok-magyarul\\\/\"]}]},{\"@type\":\"BreadcrumbList\",\"@id\":\"https:\\\/\\\/euroteam-bauchemie.de\\\/en\\\/downloads\\\/muszaki-adatlapok-magyarul\\\/#breadcrumb\",\"itemListElement\":[{\"@type\":\"ListItem\",\"position\":1,\"name\":\"Startseite\",\"item\":\"https:\\\/\\\/euroteam-bauchemie.de\\\/en\\\/\"},{\"@type\":\"ListItem\",\"position\":2,\"name\":\"Downloads\",\"item\":\"https:\\\/\\\/euroteam-bauchemie.de\\\/en\\\/downloads\\\/\"},{\"@type\":\"ListItem\",\"position\":3,\"name\":\"M\u0171szaki adatlapok magyarul\"}]},{\"@type\":\"WebSite\",\"@id\":\"https:\\\/\\\/euroteam-bauchemie.de\\\/en\\\/#website\",\"url\":\"https:\\\/\\\/euroteam-bauchemie.de\\\/en\\\/\",\"name\":\"EURO TEAM\",\"description\":\"\",\"potentialAction\":[{\"@type\":\"SearchAction\",\"target\":{\"@type\":\"EntryPoint\",\"urlTemplate\":\"https:\\\/\\\/euroteam-bauchemie.de\\\/en\\\/?s={search_term_string}\"},\"query-input\":{\"@type\":\"PropertyValueSpecification\",\"valueRequired\":true,\"valueName\":\"search_term_string\"}}],\"inLanguage\":\"en-US\"}]}<\/script>\n<!-- \/ Yoast SEO plugin. -->","yoast_head_json":{"title":"M\u0171szaki adatlapok magyarul - EURO TEAM","description":"Request the general building authority approvals from the DIBt that are of interest to you now free of charge. - EURO TEAM","robots":{"index":"index","follow":"follow","max-snippet":"max-snippet:-1","max-image-preview":"max-image-preview:large","max-video-preview":"max-video-preview:-1"},"canonical":"https:\/\/euroteam-bauchemie.de\/en\/downloads\/muszaki-adatlapok-magyarul\/","og_locale":"en_US","og_type":"article","og_title":"M\u0171szaki adatlapok magyarul - EURO TEAM","og_description":"Request the general building authority approvals from the DIBt that are of interest to you now free of charge. - EURO TEAM","og_url":"https:\/\/euroteam-bauchemie.de\/en\/downloads\/muszaki-adatlapok-magyarul\/","og_site_name":"EURO TEAM","twitter_card":"summary_large_image","twitter_misc":{"Est. reading time":"2 minutes"},"schema":{"@context":"https:\/\/schema.org","@graph":[{"@type":"WebPage","@id":"https:\/\/euroteam-bauchemie.de\/en\/downloads\/muszaki-adatlapok-magyarul\/","url":"https:\/\/euroteam-bauchemie.de\/en\/downloads\/muszaki-adatlapok-magyarul\/","name":"M\u0171szaki adatlapok magyarul - EURO TEAM","isPartOf":{"@id":"https:\/\/euroteam-bauchemie.de\/en\/#website"},"datePublished":"2026-03-17T12:59:53+00:00","description":"Request the general building authority approvals from the DIBt that are of interest to you now free of charge. - EURO TEAM","breadcrumb":{"@id":"https:\/\/euroteam-bauchemie.de\/en\/downloads\/muszaki-adatlapok-magyarul\/#breadcrumb"},"inLanguage":"en-US","potentialAction":[{"@type":"ReadAction","target":["https:\/\/euroteam-bauchemie.de\/en\/downloads\/muszaki-adatlapok-magyarul\/"]}]},{"@type":"BreadcrumbList","@id":"https:\/\/euroteam-bauchemie.de\/en\/downloads\/muszaki-adatlapok-magyarul\/#breadcrumb","itemListElement":[{"@type":"ListItem","position":1,"name":"Startseite","item":"https:\/\/euroteam-bauchemie.de\/en\/"},{"@type":"ListItem","position":2,"name":"Downloads","item":"https:\/\/euroteam-bauchemie.de\/en\/downloads\/"},{"@type":"ListItem","position":3,"name":"M\u0171szaki adatlapok magyarul"}]},{"@type":"WebSite","@id":"https:\/\/euroteam-bauchemie.de\/en\/#website","url":"https:\/\/euroteam-bauchemie.de\/en\/","name":"EURO TEAM","description":"","potentialAction":[{"@type":"SearchAction","target":{"@type":"EntryPoint","urlTemplate":"https:\/\/euroteam-bauchemie.de\/en\/?s={search_term_string}"},"query-input":{"@type":"PropertyValueSpecification","valueRequired":true,"valueName":"search_term_string"}}],"inLanguage":"en-US"}]}},"_links":{"self":[{"href":"https:\/\/euroteam-bauchemie.de\/en\/wp-json\/wp\/v2\/pages\/59004","targetHints":{"allow":["GET"]}}],"collection":[{"href":"https:\/\/euroteam-bauchemie.de\/en\/wp-json\/wp\/v2\/pages"}],"about":[{"href":"https:\/\/euroteam-bauchemie.de\/en\/wp-json\/wp\/v2\/types\/page"}],"author":[{"embeddable":true,"href":"https:\/\/euroteam-bauchemie.de\/en\/wp-json\/wp\/v2\/users\/3"}],"replies":[{"embeddable":true,"href":"https:\/\/euroteam-bauchemie.de\/en\/wp-json\/wp\/v2\/comments?post=59004"}],"version-history":[{"count":1,"href":"https:\/\/euroteam-bauchemie.de\/en\/wp-json\/wp\/v2\/pages\/59004\/revisions"}],"predecessor-version":[{"id":59007,"href":"https:\/\/euroteam-bauchemie.de\/en\/wp-json\/wp\/v2\/pages\/59004\/revisions\/59007"}],"up":[{"embeddable":true,"href":"https:\/\/euroteam-bauchemie.de\/en\/wp-json\/wp\/v2\/pages\/58904"}],"wp:attachment":[{"href":"https:\/\/euroteam-bauchemie.de\/en\/wp-json\/wp\/v2\/media?parent=59004"}],"curies":[{"name":"wp","href":"https:\/\/api.w.org\/{rel}","templated":true}]}}